{"id":201,"date":"2007-03-22T23:35:36","date_gmt":"2007-03-23T05:35:36","guid":{"rendered":"http:\/\/www.ricosyfamosos.org\/index.php\/avatares-y-displays-de-famosos\/"},"modified":"2008-11-15T23:14:13","modified_gmt":"2008-11-16T05:14:13","slug":"avatares-de-famosos-displays-de-famosos","status":"publish","type":"page","link":"http:\/\/www.ricosyfamosos.org\/index.php\/avatares-de-famosos-displays-de-famosos\/","title":{"rendered":"Avatares de famosos"},"content":{"rendered":"<p><H2><strong>AVATARES DE FAMOSOS PARA MSN<\/strong><\/H2><\/p>\n<p>Para usar los avatares, s\u00f3lo tienes que hacer click con el bot\u00f3n derecho del mouse sobre la foto que m\u00e1s te guste, y despu\u00e9s la guardas en donde gustes, para usarla en el messenger, icq, en los foros, etc.<\/p>\n<p><img src='http:\/\/www.ricosyfamosos.org\/wp-content\/uploads\/2007\/03\/avatares-de-famosos_011.jpg' alt='Avatares de Paris Hilton - Avatares de famosos' \/> <img src='http:\/\/www.ricosyfamosos.org\/wp-content\/uploads\/2007\/03\/avatares-de-famosos_021.jpg' alt='Avatares de famosos' \/> <img src='http:\/\/www.ricosyfamosos.org\/wp-content\/uploads\/2007\/03\/avatares-de-famosos_04.jpg' alt='Avatares de famosos' \/> <img src='http:\/\/www.ricosyfamosos.org\/images\/lost1.jpg' alt='Avatares de famosos' \/> <img src='http:\/\/www.ricosyfamosos.org\/wp-content\/uploads\/2007\/03\/avatares-de-famosos_05.jpg' alt='Avatares de famosos' \/>  <img src='http:\/\/www.ricosyfamosos.org\/wp-content\/uploads\/2007\/03\/avatares-de-famosos_06.jpg' alt='Avatares de famosos' \/> <img src='http:\/\/www.ricosyfamosos.org\/wp-content\/uploads\/2007\/03\/avatares-de-famosos_07.jpg' alt='Avatares de famosos' \/> <img src='http:\/\/www.ricosyfamosos.org\/images\/lindsay_lohan-6.jpg' alt='Avatares de Lindsay Lohan - Avatares de famosos' \/> <img src='http:\/\/www.ricosyfamosos.org\/images\/jared-leto-avatar.jpg' alt='Avatares de Jared Leto - Avatares de famosos' \/> <img src='http:\/\/www.ricosyfamosos.org\/images\/britneycalva-avatar.jpg' alt='Avatares de Britney Spears - Avatares de famosos' \/> <img src='http:\/\/www.ricosyfamosos.org\/images\/z4037870M.jpg' alt='Avatares de Jamie Lynn Spears - Avatares de famosos' \/> <img src='http:\/\/www.ricosyfamosos.org\/images\/homero.jpg' alt='Avatares de famosos' \/> <img src='http:\/\/www.ricosyfamosos.org\/images\/borat.jpg' alt='Avatares de famosos' \/> <img src='http:\/\/www.ricosyfamosos.org\/images\/ali-g-avatar.jpg' alt='Avatares de famosos' \/> <img src='http:\/\/www.ricosyfamosos.org\/images\/giselle-avatar.jpg' alt='Avatares de famosos' \/> <img src='http:\/\/www.ricosyfamosos.org\/images\/collin-avatar.jpg' alt='Avatares de famosos' \/> <img src='http:\/\/www.ricosyfamosos.org\/images\/jagger-avatar.jpg' alt='Avatares de famosos' \/> <img src='http:\/\/www.ricosyfamosos.org\/images\/madonna-avatar.jpg' alt='Avatares de famosos' \/> <img src='http:\/\/www.ricosyfamosos.org\/images\/shakira-avatar.jpg' alt='Avatares de famosos' \/> <img src='http:\/\/www.ricosyfamosos.org\/images\/american-idol.jpg' alt='Avatares de famosos' \/><br \/>\n<img src='http:\/\/www.ricosyfamosos.org\/wp-content\/uploads\/2007\/03\/avatares-de-famosos_08.jpg' alt='Avatares de famosos' \/> <img src='http:\/\/www.ricosyfamosos.org\/wp-content\/uploads\/2007\/03\/avatares-de-famosos_09.jpg' alt='Ronaldicho - Avatares de famosos' \/> <img src='http:\/\/www.ricosyfamosos.org\/wp-content\/uploads\/2007\/03\/avatares-de-famosos_10.jpg' alt='Woody Allen - Avatares de famosos' \/> <img src='http:\/\/www.ricosyfamosos.org\/wp-content\/uploads\/2007\/03\/avatares-de-famosos_111.jpg' alt='Avatares de famosos - Scareface - Al Pacino' \/> <img src='http:\/\/www.ricosyfamosos.org\/wp-content\/uploads\/2007\/03\/avatares-de-famosos_12.jpg' alt='Avatares de famosos - Scareface - Al Pacino' \/> <img src='http:\/\/www.ricosyfamosos.org\/wp-content\/uploads\/2007\/03\/avatares-de-famosos_13.jpg' alt='Avatares de famosos' \/> <img src='http:\/\/www.ricosyfamosos.org\/images\/Robbie-Williams-Intensive-Care.jpg' alt='Avatares de famosos' \/> <img src='http:\/\/www.ricosyfamosos.org\/images\/grudge-avatar.jpg' alt='Avatares de peliculas - The grudge avatar' \/> <img src='http:\/\/www.ricosyfamosos.org\/images\/beatles-avatar.jpg' alt='Avatares de musica - Avatares The Beatles' \/> <img src='http:\/\/www.ricosyfamosos.org\/images\/gwenavatar.jpg' alt='Avatares de musica - Avatares de famosos' \/><\/p>\n<p><center><script type=\"text\/javascript\"><!--\ngoogle_ad_client = \"pub-9574303270341649\";\n\/* 468x60, creado 15\/11\/08 *\/\ngoogle_ad_slot = \"0191499404\";\ngoogle_ad_width = 468;\ngoogle_ad_height = 60;\n\/\/-->\n<\/script><br \/>\n<script type=\"text\/javascript\"\nsrc=\"http:\/\/pagead2.googlesyndication.com\/pagead\/show_ads.js\">\n<\/script><\/center><\/p>\n","protected":false},"excerpt":{"rendered":"<p>AVATARES DE FAMOSOS PARA MSN Para usar los avatares, s\u00f3lo tienes que hacer click con el bot\u00f3n derecho del mouse sobre la foto que m\u00e1s te guste, y despu\u00e9s la guardas en donde gustes, para usarla en el messenger, icq, en los foros, etc.<\/p>\n","protected":false},"author":1,"featured_media":0,"parent":0,"menu_order":0,"comment_status":"open","ping_status":"open","template":"","meta":{"footnotes":""},"class_list":["post-201","page","type-page","status-publish","hentry"],"aioseo_notices":[],"_links":{"self":[{"href":"http:\/\/www.ricosyfamosos.org\/index.php\/wp-json\/wp\/v2\/pages\/201","targetHints":{"allow":["GET"]}}],"collection":[{"href":"http:\/\/www.ricosyfamosos.org\/index.php\/wp-json\/wp\/v2\/pages"}],"about":[{"href":"http:\/\/www.ricosyfamosos.org\/index.php\/wp-json\/wp\/v2\/types\/page"}],"author":[{"embeddable":true,"href":"http:\/\/www.ricosyfamosos.org\/index.php\/wp-json\/wp\/v2\/users\/1"}],"replies":[{"embeddable":true,"href":"http:\/\/www.ricosyfamosos.org\/index.php\/wp-json\/wp\/v2\/comments?post=201"}],"version-history":[{"count":0,"href":"http:\/\/www.ricosyfamosos.org\/index.php\/wp-json\/wp\/v2\/pages\/201\/revisions"}],"wp:attachment":[{"href":"http:\/\/www.ricosyfamosos.org\/index.php\/wp-json\/wp\/v2\/media?parent=201"}],"curies":[{"name":"wp","href":"https:\/\/api.w.org\/{rel}","templated":true}]}}